{"id":1836,"date":"2026-01-16T18:25:23","date_gmt":"2026-01-16T18:25:23","guid":{"rendered":"https:\/\/pmdb-avocats.com\/?page_id=1836"},"modified":"2026-02-02T16:58:40","modified_gmt":"2026-02-02T16:58:40","slug":"mentions-legales","status":"publish","type":"page","link":"https:\/\/pmdb-avocats.com\/mentions-legales\/","title":{"rendered":"Mentions l\u00e9gales"},"content":{"rendered":"<div  class='flex_column av-2b9xss-1d9d3846eef069b5126255fdc679a098 av_one_full  avia-builder-el-0  avia-builder-el-no-sibling  first flex_column_div  '     ><section  class='av_textblock_section av-mkh7kuii-6f8984f9582e96f7d2bd52d9ed961950 '   itemscope=\"itemscope\" itemtype=\"https:\/\/schema.org\/CreativeWork\" ><div class='avia_textblock'  itemprop=\"text\" ><h3>Mentions l\u00e9gales<\/h3>\n<p class=\"animate\">Le site\u00a0<a href=\"http:\/\/advenlegal.com\/\">pmdb-avocats.com<\/a>\u00a0est \u00e9dit\u00e9 par le cabinet d\u2019avocats PMDB Associ\u00e9s ayant son si\u00e8ge social au 4 rue Sainte-Odile \u00e0 67000 Strasbourg (France), AARPI (association d\u2019avocats \u00e0 responsabilit\u00e9 professionnelle individuelle, inscrits au Barreau de Paris et de Strasbourg), n\u00b0 SIRET : 989 639 950 00017, n\u00b0 TVA : FR25 989 639 950, code NAF\/APE 69.10Z.<\/p>\n<h3>H\u00e9bergement<\/h3>\n<div id=\"ovh_1cd601c7-113a-4e11-bf7b-d450b39eef57\" class=\"odss-text mb-4 default\">\n<div class=\"otds-text\">\n<p class=\"odss-text__heading mb-3\"><strong>OVH<\/strong><\/p>\n<\/div>\n<div class=\"otds-text\">\n<p>SAS au capital de 50 000 000 \u20ac<\/p>\n<p>RCS Lille M\u00e9tropole 424 761 419 00045<br \/>\nCode APE 2620Z<br \/>\nN\u00b0 TVA : FR 22 424 761 419<br \/>\nSi\u00e8ge social : 2 rue Kellermann &#8211; 59100 Roubaix &#8211; France<\/p>\n<p>OVH SAS est une filiale de la soci\u00e9t\u00e9 OVH Groupe SA, soci\u00e9t\u00e9 immatricul\u00e9e au RCS de Lille sous le num\u00e9ro 537 407 926 sise 2, rue Kellermann, 59100 Roubaix.<\/p>\n<p>Directeur de la publication\u00a0:\u00a0Octave Klaba<\/p>\n<p>Ce site est h\u00e9berg\u00e9 par OVH SAS 2 rue Kellermann &#8211; 59100 Roubaix &#8211; France<\/p>\n<\/div>\n<\/div>\n<h3>Cr\u00e9ation graphique &amp; d\u00e9veloppement<\/h3>\n<p class=\"animate\"><strong>Sequence-K<\/strong><\/p>\n<p>\u00a02.21 GIGWATTS LUX<\/p>\n<p>16 B rue Robert Schuman 5751 FRISANGE<br \/>\nLUXEMBOURG<\/p>\n<p>Sequence-K fait partie de la soci\u00e9t\u00e9 2.21 GIGOWATTS LUX<br \/>\nS.\u00e0 r.l. au capital de EUR 12.500.- euros .<br \/>\nN\u00b0 Etablissement : 100 75 513<br \/>\nMatricule : 2016 2448 472 \/ TVA : LU29225770<br \/>\nRCS : B209374<\/p>\n<h3>Droits d\u2019auteurs et copyright<\/h3>\n<p class=\"animate\">Ce site est r\u00e9gi par la r\u00e9glementation en vigueur sur le droit d\u2019auteur et la propri\u00e9t\u00e9 intellectuelle. Tous les droits de reproduction sont r\u00e9serv\u00e9s y compris les documents t\u00e9l\u00e9chargeables et les repr\u00e9sentations iconographiques. Il est interdit de reproduire, pour un usage autre que priv\u00e9, vendre, distribuer, \u00e9mettre, diffuser, adapter, modifier, publier, communiquer int\u00e9gralement ou partiellement, sous quelque forme que ce soit, les donn\u00e9es, la pr\u00e9sentation ou l\u2019organisation du site sans autorisation pr\u00e9alable \u00e9crite du Cabinet PMDB Associ\u00e9s.<\/p>\n<h3>Protection des donn\u00e9es personnelles (Loi n\u00b0 78-17 du 6.01.978)<\/h3>\n<p class=\"animate\">Lors de votre navigation sur ce site vous pouvez \u00eatre amen\u00e9 \u00e0 communiquer des informations rev\u00eatant un caract\u00e8re personnel ou nominatif. Ces informations sont r\u00e9serv\u00e9es \u00e0 un usage strictement interne. L\u2019usage de votre adresse e-mail et\/ou de vos coordonn\u00e9es r\u00e9colt\u00e9es dans le cadre des formulaires de contact sera uniquement destin\u00e9 au traitement de votre demande et ces informations ne seront pas conserv\u00e9es plus d\u2019une ann\u00e9e. En aucun cas la cession ou la mise \u00e0 disposition \u00e0 des tiers, \u00e0 des fins commerciales, de votre adresse ou de vos coordonn\u00e9es ne pourra \u00eatre op\u00e9r\u00e9e sans votre accord pr\u00e9alable et sans que vous ne soyez pr\u00e9alablement mis en mesure de vous y opposer. Si vous souhaitez faire radier de tout fichier et de tout traitement auxquels ces informations ont donn\u00e9 lieu, votre adresse e-mail et\/ou vos coordonn\u00e9es, vous pouvez contacter le Cabinet PMDB Associ\u00e9s \u00e0 son adresse postal et\/ou par mail :\u00a0<a href=\"mailto:contact@pmdb-avocats.com\">contact@pmdb-avocats.com<\/a><\/p>\n<h3>R\u00e8gles d\u00e9ontologiques \u2013 honoraires<\/h3>\n<p class=\"animate\">La profession d\u2019avocat ob\u00e9it \u00e0 des r\u00e8gles d\u00e9ontologiques auxquelles est astreint PMDB Associ\u00e9s (AARPI).<\/p>\n<p class=\"animate\">Les honoraires de l\u2019avocat ne sont pas r\u00e9glement\u00e9s : ils font l\u2019objet d\u2019un accord avec le client, qui tient compte, conform\u00e9ment aux r\u00e8gles en vigueur (article 10 de la loi n\u00b0 71-1130 du 31 d\u00e9cembre 1971 et article 11-2 du RIN de la profession d\u2019avocat) du temps consacr\u00e9 et du travail de recherche de l\u2019avocat, de l\u2019importance des int\u00e9r\u00eats en cause et la situation de fortune du client, de la notori\u00e9t\u00e9, l\u2019exp\u00e9rience et la sp\u00e9cialisation de l\u2019avocat, et\/ou du r\u00e9sultat obtenu.<\/p>\n<p class=\"animate\">Nous informons d\u00e8s notre saisine des modalit\u00e9s de d\u00e9termination des honoraires et nous informons r\u00e9guli\u00e8rement de l\u2019\u00e9volution de leur montant et de l\u2019ensemble des frais, d\u00e9bours et \u00e9moluments expos\u00e9s.<\/p>\n<p class=\"animate\">Les honoraires sont payables dans les d\u00e9lais pr\u00e9vus par la loi par virement ou ch\u00e8que bancaire. L\u2019avocat peut demander le versement pr\u00e9alable d\u2019une provision \u00e0 valoir sur ses frais et honoraires.<\/p>\n<p class=\"animate\">La contestation des honoraires est de la comp\u00e9tence du B\u00e2tonnier de l\u2019Ordre des Avocats. Conform\u00e9ment \u00e0 l\u2019article R156-1 du Code de la consommation, le client peut aussi saisir le m\u00e9diateur \u00e0 la consommation pour la profession d\u2019avocat (180 boulevard Haussmann \u00e0 75001 PARIS \u2013 <a href=\"mailto:mediateur-conso@mediateur-consommation-avocat.fr\">mediateur-conso@mediateur-consommation-avocat.fr<\/a>) ou tout autre m\u00e9diateur de son choix.<\/p>\n<h3>Donn\u00e9es personnelles :<\/h3>\n<p class=\"animate\">Les donn\u00e9es collect\u00e9es par PMDB font l\u2019objet d\u2019un traitement informatique destin\u00e9 \u00e0 r\u00e9pondre aux demandes des clients et \u00e0 des fins de traitement et suivi des dossiers, la facturation et recouvrement ou encore la taxation des honoraires. Les donn\u00e9es personnelles sont trait\u00e9es dans le logiciel de gestion de relations clients du cabinet, mentionn\u00e9 au registre des traitements.<\/p>\n<p class=\"animate\">a. <em>Responsable du traitement et destinataires des donn\u00e9es collect\u00e9es :<\/em> Le cabinet PMDB Associ\u00e9s, domicili\u00e9 4 rue Sainte-Odile \u00e0 67000 STRASBOURG.<\/p>\n<p class=\"animate\">Par respect du secret professionnel, toute information est \u00e0 destination unique de l\u2019avocat et de son personnel habilit\u00e9, collaborateurs et stagiaires inclus. Les donn\u00e9es collect\u00e9es du client ne seront pas transmises \u00e0 des acteurs commerciaux ou publicitaires.<\/p>\n<p class=\"animate\">b. <em>Dur\u00e9e de conservation des donn\u00e9es :<\/em> les donn\u00e9es sont conserv\u00e9es uniquement le temps n\u00e9cessaire pour les finalit\u00e9s poursuivies, conform\u00e9ment aux prescriptions l\u00e9gales ou ordinales applicables \u00e0 l\u2019avocat.<\/p>\n<p class=\"animate\">c. <em>Droit des personnes<\/em> : pour des motifs l\u00e9gitimes le client peut s\u2019opposer au traitement des donn\u00e9es le concernant. L\u2019attention du client est toutefois attir\u00e9e sur le fait que ne pas fournir toute information utile peut emp\u00eacher l\u2019avocat de traiter sa demande ou en retarder le traitement.<\/p>\n<p class=\"animate\">Conform\u00e9ment au R\u00e8glement g\u00e9n\u00e9ral europ\u00e9en sur la protection des donn\u00e9es personnelles (RGPD) et la loi Informatique et libert\u00e9s du 6 janvier 1978 modifi\u00e9e en 2018, le client dispose d\u2019un droit d\u2019acc\u00e8s, de limitation, de rectification, de suppression ou effacement sur les donn\u00e9es \u00e0 caract\u00e8re personnel le concernant. Le client peut aussi donner ses instructions au cabinet pour la communication ou non de ses donn\u00e9es personnelles apr\u00e8s son d\u00e9c\u00e8s. Les droits susvis\u00e9s peuvent \u00eatre exerc\u00e9s aupr\u00e8s du d\u00e9l\u00e9gu\u00e9 \u00e0 la protection des donn\u00e9es, par courrier \u00e9lectronique : <a href=\"mailto:contact@pmdb-avocats.com\">contact@pmdb-avocats.com<\/a> ou par courrier postal \u00e0\u00a0: Cabinet PMDB, 4 rue Sainte-Odile, 67000 STRASBOURG, accompagn\u00e9 d\u2019une copie d\u2019un titre d\u2019identit\u00e9. En cas de litige, il est possible de saisir la Commission Nationale de l\u2019Informatique et des Libert\u00e9s, autorit\u00e9 de contr\u00f4le comp\u00e9tente.<\/p>\n<\/div><\/section><\/div>\n","protected":false},"excerpt":{"rendered":"","protected":false},"author":1,"featured_media":0,"parent":0,"menu_order":0,"comment_status":"closed","ping_status":"closed","template":"","meta":{"footnotes":""},"class_list":["post-1836","page","type-page","status-publish","hentry"],"_links":{"self":[{"href":"https:\/\/pmdb-avocats.com\/wp-json\/wp\/v2\/pages\/1836","targetHints":{"allow":["GET"]}}],"collection":[{"href":"https:\/\/pmdb-avocats.com\/wp-json\/wp\/v2\/pages"}],"about":[{"href":"https:\/\/pmdb-avocats.com\/wp-json\/wp\/v2\/types\/page"}],"author":[{"embeddable":true,"href":"https:\/\/pmdb-avocats.com\/wp-json\/wp\/v2\/users\/1"}],"replies":[{"embeddable":true,"href":"https:\/\/pmdb-avocats.com\/wp-json\/wp\/v2\/comments?post=1836"}],"version-history":[{"count":4,"href":"https:\/\/pmdb-avocats.com\/wp-json\/wp\/v2\/pages\/1836\/revisions"}],"predecessor-version":[{"id":1893,"href":"https:\/\/pmdb-avocats.com\/wp-json\/wp\/v2\/pages\/1836\/revisions\/1893"}],"wp:attachment":[{"href":"https:\/\/pmdb-avocats.com\/wp-json\/wp\/v2\/media?parent=1836"}],"curies":[{"name":"wp","href":"https:\/\/api.w.org\/{rel}","templated":true}]}}